{"id":118,"date":"2012-08-06T20:16:26","date_gmt":"2012-08-06T18:16:26","guid":{"rendered":"http:\/\/sadowski.nysa.pl\/wordpress\/?page_id=118"},"modified":"2026-03-02T20:45:59","modified_gmt":"2026-03-02T19:45:59","slug":"moje-saldo","status":"publish","type":"page","link":"https:\/\/sadowski.nysa.pl\/administrator\/moje-saldo\/","title":{"rendered":"Wsp\u00f3lnoty"},"content":{"rendered":"\t\t<div data-elementor-type=\"wp-page\" data-elementor-id=\"118\" class=\"elementor elementor-118\">\n\t\t\t\t<div class=\"elementor-element elementor-element-2353c3d3 e-flex e-con-boxed e-con e-parent\" data-id=\"2353c3d3\" data-element_type=\"container\">\n\t\t\t\t\t<div class=\"e-con-inner\">\n\t\t\t\t<div class=\"elementor-element elementor-element-1e2f25f4 elementor-widget elementor-widget-text-editor\" data-id=\"1e2f25f4\" data-element_type=\"widget\" data-widget_type=\"text-editor.default\">\n\t\t\t\t\t\t\t\t\t<div class=\"wspolnoty-container\"><h4><b>Stan sald 28 lutego 2026 r.<\/b><\/h4><p><!-- Wsp\u00f3lnota g\u0142\u00f3wna --><\/p><div class=\"wspolnota-item\"><a class=\"name\" href=\"https:\/\/sadowski.nysa.pl\/administrator\/?page_id=737\">Wsp\u00f3lnota Mieszkaniowa DEMO<\/a><br \/><a class=\"button\" href=\"https:\/\/sadowski.nysa.pl\/administrator\/?page_id=737\">Zobacz<\/a><\/div><p><!-- Lista wszystkich wsp\u00f3lnot --><\/p><div class=\"wspolnota-item\"><a class=\"name\" href=\"https:\/\/sadowski.nysa.pl\/administrator\/?page_id=337\">1. WM Rynek 27-31<\/a><a class=\"button\" href=\"https:\/\/sadowski.nysa.pl\/administrator\/?page_id=337\">Zobacz<\/a><\/div><div class=\"wspolnota-item\"><a class=\"name\" href=\"https:\/\/sadowski.nysa.pl\/administrator\/?page_id=1224\">2. WM Moniuszki 7<\/a><a class=\"button\" href=\"https:\/\/sadowski.nysa.pl\/administrator\/?page_id=1224\">Zobacz<\/a><\/div><div class=\"wspolnota-item\"><a class=\"name\" href=\"https:\/\/sadowski.nysa.pl\/administrator\/?page_id=344\">3. WM Wita 16-20<\/a><a class=\"button\" href=\"https:\/\/sadowski.nysa.pl\/administrator\/?page_id=344\">Zobacz<\/a><\/div><div class=\"wspolnota-item\"><a class=\"name\" href=\"https:\/\/sadowski.nysa.pl\/administrator\/?page_id=362\">4. WM AWP 45<\/a><a class=\"button\" href=\"https:\/\/sadowski.nysa.pl\/administrator\/?page_id=362\">Zobacz<\/a><\/div><div class=\"wspolnota-item\"><a class=\"name\" href=\"https:\/\/sadowski.nysa.pl\/administrator\/?page_id=395\">5. WM Moniuszki 4<\/a><a class=\"button\" href=\"https:\/\/sadowski.nysa.pl\/administrator\/?page_id=395\">Zobacz<\/a><\/div><div class=\"wspolnota-item\"><a class=\"name\" href=\"https:\/\/sadowski.nysa.pl\/administrator\/?page_id=399\">6. WM Plac Staromiejski 2<\/a><a class=\"button\" href=\"https:\/\/sadowski.nysa.pl\/administrator\/?page_id=399\">Zobacz<\/a><\/div><div class=\"wspolnota-item\"><a class=\"name\" href=\"https:\/\/sadowski.nysa.pl\/administrator\/?page_id=402\">7. WM Zjednoczenia 15<\/a><a class=\"button\" href=\"https:\/\/sadowski.nysa.pl\/administrator\/?page_id=402\">Zobacz<\/a><\/div><div class=\"wspolnota-item\"><a class=\"name\" href=\"https:\/\/sadowski.nysa.pl\/administrator\/?page_id=407\">8. WM Rynek Garnc. 4<\/a><a class=\"button\" href=\"https:\/\/sadowski.nysa.pl\/administrator\/?page_id=407\">Zobacz<\/a><\/div><div class=\"wspolnota-item\"><a class=\"name\" href=\"https:\/\/sadowski.nysa.pl\/administrator\/?page_id=411\">9. WM Prudnicka 3<\/a><a class=\"button\" href=\"https:\/\/sadowski.nysa.pl\/administrator\/?page_id=411\">Zobacz<\/a><\/div><div class=\"wspolnota-item\"><a class=\"name\" href=\"https:\/\/sadowski.nysa.pl\/administrator\/?page_id=415\">10. WM Krakowska 3<\/a><a class=\"button\" href=\"https:\/\/sadowski.nysa.pl\/administrator\/?page_id=415\">Zobacz<\/a><\/div><div class=\"wspolnota-item\"><a class=\"name\" href=\"https:\/\/sadowski.nysa.pl\/administrator\/?page_id=419\">11. WM Karugi 9-12<\/a><a class=\"button\" href=\"https:\/\/sadowski.nysa.pl\/administrator\/?page_id=419\">Zobacz<\/a><\/div><div class=\"wspolnota-item\"><a class=\"name\" href=\"https:\/\/sadowski.nysa.pl\/administrator\/?page_id=1902\">12. WM Tkacka 3,5,7,9<\/a><a class=\"button\" href=\"https:\/\/sadowski.nysa.pl\/administrator\/?page_id=1902\">Zobacz<\/a><\/div><div class=\"wspolnota-item\"><a class=\"name\" href=\"https:\/\/sadowski.nysa.pl\/administrator\/?page_id=3588\">13. WM Miarki 1,3,5<\/a><a class=\"button\" href=\"https:\/\/sadowski.nysa.pl\/administrator\/?page_id=3588\">Zobacz<\/a><\/div><div class=\"wspolnota-item\"><a class=\"name\" href=\"https:\/\/sadowski.nysa.pl\/administrator\/?page_id=4180\">14. WM Marc. 5-7 Krak. 1<\/a><a class=\"button\" href=\"https:\/\/sadowski.nysa.pl\/administrator\/?page_id=4180\">Zobacz<\/a><\/div><div class=\"wspolnota-item\"><a class=\"name\" href=\"https:\/\/sadowski.nysa.pl\/administrator\/?page_id=4299\">15. WM Celna 10-12-14<\/a><a class=\"button\" href=\"https:\/\/sadowski.nysa.pl\/administrator\/?page_id=4299\">Zobacz<\/a><\/div><div class=\"wspolnota-item\"><a class=\"name\" href=\"https:\/\/sadowski.nysa.pl\/administrator\/?page_id=4591\">16. WM CUKROWNIK<\/a><a class=\"button\" href=\"https:\/\/sadowski.nysa.pl\/administrator\/?page_id=4591\">Zobacz<\/a><\/div><div class=\"wspolnota-item\"><a class=\"name\" href=\"https:\/\/sadowski.nysa.pl\/administrator\/?page_id=4617\">17. WM Sudecka 13-15<\/a><a class=\"button\" href=\"https:\/\/sadowski.nysa.pl\/administrator\/?page_id=4617\">Zobacz<\/a><\/div><div class=\"wspolnota-item\"><a class=\"name\" href=\"https:\/\/sadowski.nysa.pl\/administrator\/?page_id=4622\">18. WM Sudecka 17-21<\/a><a class=\"button\" href=\"https:\/\/sadowski.nysa.pl\/administrator\/?page_id=4622\">Zobacz<\/a><\/div><div class=\"wspolnota-item\"><a class=\"name\" href=\"https:\/\/sadowski.nysa.pl\/administrator\/?page_id=132\">19. WM Prudnicka 20<\/a><a class=\"button\" href=\"https:\/\/sadowski.nysa.pl\/administrator\/?page_id=132\">Zobacz<\/a><\/div><div class=\"wspolnota-item\"><a class=\"name\" href=\"https:\/\/sadowski.nysa.pl\/administrator\/?page_id=5914\">20. WM Warszawska 4<\/a><a class=\"button\" href=\"https:\/\/sadowski.nysa.pl\/administrator\/?page_id=5914\">Zobacz<\/a><\/div><div class=\"wspolnota-item\"><a class=\"name\" href=\"https:\/\/sadowski.nysa.pl\/administrator\/?page_id=6066\">21. WM \u0141\u0105ka 2<\/a><a class=\"button\" href=\"https:\/\/sadowski.nysa.pl\/administrator\/?page_id=6066\">Zobacz<\/a><\/div><div class=\"wspolnota-item\"><a class=\"name\" href=\"https:\/\/sadowski.nysa.pl\/administrator\/?page_id=6075\">22. WM Zwierzyniec 1<\/a><a class=\"button\" href=\"https:\/\/sadowski.nysa.pl\/administrator\/?page_id=6075\">Zobacz<\/a><\/div><div class=\"wspolnota-item\"><a class=\"name\" href=\"https:\/\/sadowski.nysa.pl\/administrator\/?page_id=6089\">23. WM Pi\u0142sudskiego 62<\/a><a class=\"button\" href=\"https:\/\/sadowski.nysa.pl\/administrator\/?page_id=6089\">Zobacz<\/a><\/div><div class=\"wspolnota-item\"><a class=\"name\" href=\"https:\/\/sadowski.nysa.pl\/administrator\/?page_id=6097\">24. WM Zielona Dolina 33<\/a><a class=\"button\" href=\"https:\/\/sadowski.nysa.pl\/administrator\/?page_id=6097\">Zobacz<\/a><\/div><div class=\"wspolnota-item\"><a class=\"name\" href=\"https:\/\/sadowski.nysa.pl\/administrator\/?page_id=6103\">25. WM Chr\u00f3\u015bcina Tumbewa 10-13<\/a><a class=\"button\" href=\"https:\/\/sadowski.nysa.pl\/administrator\/?page_id=6103\">Zobacz<\/a><\/div><div class=\"wspolnota-item\"><a class=\"name\" href=\"https:\/\/sadowski.nysa.pl\/administrator\/?page_id=6085\">26. WM Trzeboszowice 120<\/a><a class=\"button\" href=\"https:\/\/sadowski.nysa.pl\/administrator\/?page_id=6085\">Zobacz<\/a><\/div><div class=\"wspolnota-item\"><a class=\"name\" href=\"https:\/\/sadowski.nysa.pl\/administrator\/?page_id=7654\">27. WM Sidzina Os. S\u0142oneczne 6<\/a><a class=\"button\" href=\"https:\/\/sadowski.nysa.pl\/administrator\/?page_id=7654\">Zobacz<\/a><\/div><div class=\"wspolnota-item\"><a class=\"name\" href=\"https:\/\/sadowski.nysa.pl\/administrator\/?page_id=8108\">28. WM Otmuch\u00f3w Fabryczna 4<\/a><a class=\"button\" href=\"https:\/\/sadowski.nysa.pl\/administrator\/?page_id=8108\">Zobacz<\/a><\/div><div class=\"wspolnota-item\"><a class=\"name\" href=\"https:\/\/sadowski.nysa.pl\/administrator\/?page_id=8112\">29. WM Zwierzyniec 2<\/a><a class=\"button\" href=\"https:\/\/sadowski.nysa.pl\/administrator\/?page_id=8112\">Zobacz<\/a><\/div><div class=\"wspolnota-item\"><a class=\"name\" href=\"https:\/\/sadowski.nysa.pl\/administrator\/?page_id=8130\">30. WM Korfant\u00f3w 3 Maja 7<\/a><a class=\"button\" href=\"https:\/\/sadowski.nysa.pl\/administrator\/?page_id=8130\">Zobacz<\/a><\/div><div class=\"wspolnota-item\"><a class=\"name\" href=\"https:\/\/sadowski.nysa.pl\/administrator\/?page_id=8134\">31. WM Cichy Zak\u0105tek<\/a>5<a class=\"button\" href=\"https:\/\/sadowski.nysa.pl\/administrator\/?page_id=8134\">Zobacz<\/a><\/div><div class=\"wspolnota-item\"><a class=\"name\" href=\"https:\/\/sadowski.nysa.pl\/administrator\/?page_id=8137\">32. WM Sidzina Osiedle S\u0142oneczne 4<\/a><a class=\"button\" href=\"https:\/\/sadowski.nysa.pl\/administrator\/?page_id=8137\">Zobacz<\/a><\/div><div class=\"wspolnota-item\"><a class=\"name\" href=\"https:\/\/sadowski.nysa.pl\/administrator\/?page_id=8141\">33. WM \u0141ukasi\u0144skiego 6<\/a><a class=\"button\" href=\"https:\/\/sadowski.nysa.pl\/administrator\/?page_id=8141\">Zobacz<\/a><\/div><\/div>\t\t\t\t\t\t\t\t<\/div>\n\t\t\t\t\t<\/div>\n\t\t\t\t<\/div>\n\t\t<div class=\"elementor-element elementor-element-de5f110 e-flex e-con-boxed e-con e-parent\" data-id=\"de5f110\" data-element_type=\"container\">\n\t\t\t\t\t<div class=\"e-con-inner\">\n\t\t\t\t\t<\/div>\n\t\t\t\t<\/div>\n\t\t<div class=\"elementor-element elementor-element-9afd366 e-flex e-con-boxed e-con e-parent\" data-id=\"9afd366\" data-element_type=\"container\">\n\t\t\t\t\t<div class=\"e-con-inner\">\n\t\t\t\t\t<\/div>\n\t\t\t\t<\/div>\n\t\t<div class=\"elementor-element elementor-element-40c2515 e-grid e-con-boxed e-con e-parent\" data-id=\"40c2515\" data-element_type=\"container\">\n\t\t\t\t\t<div class=\"e-con-inner\">\n\t\t\t\t\t<\/div>\n\t\t\t\t<\/div>\n\t\t\t\t<\/div>\n\t\t","protected":false},"excerpt":{"rendered":"<p>Stan sald 28 lutego 2026 r. Wsp\u00f3lnota Mieszkaniowa DEMOZobacz 1. WM Rynek 27-31Zobacz2. WM Moniuszki 7Zobacz3. WM Wita 16-20Zobacz4. WM AWP 45Zobacz5. WM Moniuszki 4Zobacz6. WM Plac Staromiejski 2Zobacz7. WM Zjednoczenia 15Zobacz8. WM Rynek Garnc. 4Zobacz9. WM Prudnicka 3Zobacz10. WM Krakowska 3Zobacz11. WM Karugi 9-12Zobacz12. WM Tkacka 3,5,7,9Zobacz13. WM Miarki 1,3,5Zobacz14. WM Marc. 5-7 Krak. &#8230; <a title=\"Wsp\u00f3lnoty\" class=\"read-more\" href=\"https:\/\/sadowski.nysa.pl\/administrator\/moje-saldo\/\" aria-label=\"More on Wsp\u00f3lnoty\">Czytaj dalej<\/a><\/p>\n","protected":false},"author":5,"featured_media":0,"parent":0,"menu_order":2,"comment_status":"closed","ping_status":"closed","template":"","meta":{"footnotes":""},"class_list":["post-118","page","type-page","status-publish"],"yoast_head":"<!-- This site is optimized with the Yoast SEO plugin v17.1 - https:\/\/yoast.com\/wordpress\/plugins\/seo\/ -->\n<title>Wsp\u00f3lnoty - ADMINISTRATOR Zygmunt Sadowski<\/title>\n<meta name=\"robots\" content=\"index, follow, max-snippet:-1, max-image-preview:large, max-video-preview:-1\" \/>\n<link rel=\"canonical\" href=\"https:\/\/sadowski.nysa.pl\/administrator\/moje-saldo\/\" \/>\n<meta property=\"og:locale\" content=\"pl_PL\" \/>\n<meta property=\"og:type\" content=\"article\" \/>\n<meta property=\"og:title\" content=\"Wsp\u00f3lnoty - ADMINISTRATOR Zygmunt Sadowski\" \/>\n<meta property=\"og:description\" content=\"Stan sald 28 lutego 2026 r. Wsp\u00f3lnota Mieszkaniowa DEMOZobacz 1. WM Rynek 27-31Zobacz2. WM Moniuszki 7Zobacz3. WM Wita 16-20Zobacz4. WM AWP 45Zobacz5. WM Moniuszki 4Zobacz6. WM Plac Staromiejski 2Zobacz7. WM Zjednoczenia 15Zobacz8. WM Rynek Garnc. 4Zobacz9. WM Prudnicka 3Zobacz10. WM Krakowska 3Zobacz11. WM Karugi 9-12Zobacz12. WM Tkacka 3,5,7,9Zobacz13. WM Miarki 1,3,5Zobacz14. WM Marc. 5-7 Krak. ... Czytaj dalej\" \/>\n<meta property=\"og:url\" content=\"https:\/\/sadowski.nysa.pl\/administrator\/moje-saldo\/\" \/>\n<meta property=\"og:site_name\" content=\"ADMINISTRATOR Zygmunt Sadowski\" \/>\n<meta property=\"article:modified_time\" content=\"2026-03-02T19:45:59+00:00\" \/>\n<meta name=\"twitter:card\" content=\"summary_large_image\" \/>\n<meta name=\"twitter:label1\" content=\"Est. reading time\" \/>\n\t<meta name=\"twitter:data1\" content=\"1 minuta\" \/>\n<script type=\"application\/ld+json\" class=\"yoast-schema-graph\">{\"@context\":\"https:\/\/schema.org\",\"@graph\":[{\"@type\":\"WebSite\",\"@id\":\"https:\/\/sadowski.nysa.pl\/administrator\/#website\",\"url\":\"https:\/\/sadowski.nysa.pl\/administrator\/\",\"name\":\"ADMINISTRATOR Zygmunt Sadowski\",\"description\":\"\",\"potentialAction\":[{\"@type\":\"SearchAction\",\"target\":{\"@type\":\"EntryPoint\",\"urlTemplate\":\"https:\/\/sadowski.nysa.pl\/administrator\/?s={search_term_string}\"},\"query-input\":\"required name=search_term_string\"}],\"inLanguage\":\"pl-PL\"},{\"@type\":\"WebPage\",\"@id\":\"https:\/\/sadowski.nysa.pl\/administrator\/moje-saldo\/#webpage\",\"url\":\"https:\/\/sadowski.nysa.pl\/administrator\/moje-saldo\/\",\"name\":\"Wsp\\u00f3lnoty - ADMINISTRATOR Zygmunt Sadowski\",\"isPartOf\":{\"@id\":\"https:\/\/sadowski.nysa.pl\/administrator\/#website\"},\"datePublished\":\"2012-08-06T18:16:26+00:00\",\"dateModified\":\"2026-03-02T19:45:59+00:00\",\"breadcrumb\":{\"@id\":\"https:\/\/sadowski.nysa.pl\/administrator\/moje-saldo\/#breadcrumb\"},\"inLanguage\":\"pl-PL\",\"potentialAction\":[{\"@type\":\"ReadAction\",\"target\":[\"https:\/\/sadowski.nysa.pl\/administrator\/moje-saldo\/\"]}]},{\"@type\":\"BreadcrumbList\",\"@id\":\"https:\/\/sadowski.nysa.pl\/administrator\/moje-saldo\/#breadcrumb\",\"itemListElement\":[{\"@type\":\"ListItem\",\"position\":1,\"name\":\"Home\",\"item\":\"https:\/\/sadowski.nysa.pl\/administrator\/\"},{\"@type\":\"ListItem\",\"position\":2,\"name\":\"Wsp\\u00f3lnoty\"}]}]}<\/script>\n<!-- \/ Yoast SEO plugin. -->","yoast_head_json":{"title":"Wsp\u00f3lnoty - ADMINISTRATOR Zygmunt Sadowski","robots":{"index":"index","follow":"follow","max-snippet":"max-snippet:-1","max-image-preview":"max-image-preview:large","max-video-preview":"max-video-preview:-1"},"canonical":"https:\/\/sadowski.nysa.pl\/administrator\/moje-saldo\/","og_locale":"pl_PL","og_type":"article","og_title":"Wsp\u00f3lnoty - ADMINISTRATOR Zygmunt Sadowski","og_description":"Stan sald 28 lutego 2026 r. Wsp\u00f3lnota Mieszkaniowa DEMOZobacz 1. WM Rynek 27-31Zobacz2. WM Moniuszki 7Zobacz3. WM Wita 16-20Zobacz4. WM AWP 45Zobacz5. WM Moniuszki 4Zobacz6. WM Plac Staromiejski 2Zobacz7. WM Zjednoczenia 15Zobacz8. WM Rynek Garnc. 4Zobacz9. WM Prudnicka 3Zobacz10. WM Krakowska 3Zobacz11. WM Karugi 9-12Zobacz12. WM Tkacka 3,5,7,9Zobacz13. WM Miarki 1,3,5Zobacz14. WM Marc. 5-7 Krak. ... Czytaj dalej","og_url":"https:\/\/sadowski.nysa.pl\/administrator\/moje-saldo\/","og_site_name":"ADMINISTRATOR Zygmunt Sadowski","article_modified_time":"2026-03-02T19:45:59+00:00","twitter_card":"summary_large_image","twitter_misc":{"Est. reading time":"1 minuta"},"schema":{"@context":"https:\/\/schema.org","@graph":[{"@type":"WebSite","@id":"https:\/\/sadowski.nysa.pl\/administrator\/#website","url":"https:\/\/sadowski.nysa.pl\/administrator\/","name":"ADMINISTRATOR Zygmunt Sadowski","description":"","potentialAction":[{"@type":"SearchAction","target":{"@type":"EntryPoint","urlTemplate":"https:\/\/sadowski.nysa.pl\/administrator\/?s={search_term_string}"},"query-input":"required name=search_term_string"}],"inLanguage":"pl-PL"},{"@type":"WebPage","@id":"https:\/\/sadowski.nysa.pl\/administrator\/moje-saldo\/#webpage","url":"https:\/\/sadowski.nysa.pl\/administrator\/moje-saldo\/","name":"Wsp\u00f3lnoty - ADMINISTRATOR Zygmunt Sadowski","isPartOf":{"@id":"https:\/\/sadowski.nysa.pl\/administrator\/#website"},"datePublished":"2012-08-06T18:16:26+00:00","dateModified":"2026-03-02T19:45:59+00:00","breadcrumb":{"@id":"https:\/\/sadowski.nysa.pl\/administrator\/moje-saldo\/#breadcrumb"},"inLanguage":"pl-PL","potentialAction":[{"@type":"ReadAction","target":["https:\/\/sadowski.nysa.pl\/administrator\/moje-saldo\/"]}]},{"@type":"BreadcrumbList","@id":"https:\/\/sadowski.nysa.pl\/administrator\/moje-saldo\/#breadcrumb","itemListElement":[{"@type":"ListItem","position":1,"name":"Home","item":"https:\/\/sadowski.nysa.pl\/administrator\/"},{"@type":"ListItem","position":2,"name":"Wsp\u00f3lnoty"}]}]}},"_links":{"self":[{"href":"https:\/\/sadowski.nysa.pl\/administrator\/wp-json\/wp\/v2\/pages\/118","targetHints":{"allow":["GET"]}}],"collection":[{"href":"https:\/\/sadowski.nysa.pl\/administrator\/wp-json\/wp\/v2\/pages"}],"about":[{"href":"https:\/\/sadowski.nysa.pl\/administrator\/wp-json\/wp\/v2\/types\/page"}],"author":[{"embeddable":true,"href":"https:\/\/sadowski.nysa.pl\/administrator\/wp-json\/wp\/v2\/users\/5"}],"replies":[{"embeddable":true,"href":"https:\/\/sadowski.nysa.pl\/administrator\/wp-json\/wp\/v2\/comments?post=118"}],"version-history":[{"count":355,"href":"https:\/\/sadowski.nysa.pl\/administrator\/wp-json\/wp\/v2\/pages\/118\/revisions"}],"predecessor-version":[{"id":11365,"href":"https:\/\/sadowski.nysa.pl\/administrator\/wp-json\/wp\/v2\/pages\/118\/revisions\/11365"}],"wp:attachment":[{"href":"https:\/\/sadowski.nysa.pl\/administrator\/wp-json\/wp\/v2\/media?parent=118"}],"curies":[{"name":"wp","href":"https:\/\/api.w.org\/{rel}","templated":true}]}}