{"id":5914,"date":"2017-08-22T06:44:24","date_gmt":"2017-08-22T04:44:24","guid":{"rendered":"http:\/\/sadowski.nysa.pl\/?page_id=5914"},"modified":"2025-10-15T13:34:13","modified_gmt":"2025-10-15T11:34:13","slug":"wspolnota-mieszkaniowa-nasza-czworka-warszawska-4-2","status":"publish","type":"page","link":"https:\/\/sadowski.nysa.pl\/administrator\/wspolnota-mieszkaniowa-nasza-czworka-warszawska-4-2\/","title":{"rendered":"Wsp\u00f3lnota Mieszkaniowa NASZA CZW\u00d3RKA Warszawska 4"},"content":{"rendered":"","protected":true},"excerpt":{"rendered":"","protected":true},"author":5,"featured_media":0,"parent":0,"menu_order":0,"comment_status":"closed","ping_status":"closed","template":"","meta":{"footnotes":""},"class_list":["post-5914","page","type-page","status-publish","post-password-required"],"yoast_head":"<!-- This site is optimized with the Yoast SEO plugin v17.1 - https:\/\/yoast.com\/wordpress\/plugins\/seo\/ -->\n<title>Wsp\u00f3lnota Mieszkaniowa NASZA CZW\u00d3RKA Warszawska 4 - ADMINISTRATOR Zygmunt Sadowski<\/title>\n<meta name=\"robots\" content=\"index, follow, max-snippet:-1, max-image-preview:large, max-video-preview:-1\" \/>\n<link rel=\"canonical\" href=\"https:\/\/sadowski.nysa.pl\/administrator\/wspolnota-mieszkaniowa-nasza-czworka-warszawska-4-2\/\" \/>\n<meta property=\"og:locale\" content=\"pl_PL\" \/>\n<meta property=\"og:type\" content=\"article\" \/>\n<meta property=\"og:title\" content=\"Wsp\u00f3lnota Mieszkaniowa NASZA CZW\u00d3RKA Warszawska 4 - ADMINISTRATOR Zygmunt Sadowski\" \/>\n<meta property=\"og:description\" content=\"Brak zajawki, poniewa\u017c wpis jest zabezpieczony has\u0142em.\" \/>\n<meta property=\"og:url\" content=\"https:\/\/sadowski.nysa.pl\/administrator\/wspolnota-mieszkaniowa-nasza-czworka-warszawska-4-2\/\" \/>\n<meta property=\"og:site_name\" content=\"ADMINISTRATOR Zygmunt Sadowski\" \/>\n<meta property=\"article:modified_time\" content=\"2025-10-15T11:34:13+00:00\" \/>\n<meta name=\"twitter:card\" content=\"summary_large_image\" \/>\n<meta name=\"twitter:label1\" content=\"Est. reading time\" \/>\n\t<meta name=\"twitter:data1\" content=\"1 minuta\" \/>\n<script type=\"application\/ld+json\" class=\"yoast-schema-graph\">{\"@context\":\"https:\/\/schema.org\",\"@graph\":[{\"@type\":\"WebSite\",\"@id\":\"https:\/\/sadowski.nysa.pl\/administrator\/#website\",\"url\":\"https:\/\/sadowski.nysa.pl\/administrator\/\",\"name\":\"ADMINISTRATOR Zygmunt Sadowski\",\"description\":\"\",\"potentialAction\":[{\"@type\":\"SearchAction\",\"target\":{\"@type\":\"EntryPoint\",\"urlTemplate\":\"https:\/\/sadowski.nysa.pl\/administrator\/?s={search_term_string}\"},\"query-input\":\"required name=search_term_string\"}],\"inLanguage\":\"pl-PL\"},{\"@type\":\"WebPage\",\"@id\":\"https:\/\/sadowski.nysa.pl\/administrator\/wspolnota-mieszkaniowa-nasza-czworka-warszawska-4-2\/#webpage\",\"url\":\"https:\/\/sadowski.nysa.pl\/administrator\/wspolnota-mieszkaniowa-nasza-czworka-warszawska-4-2\/\",\"name\":\"Wsp\\u00f3lnota Mieszkaniowa NASZA CZW\\u00d3RKA Warszawska 4 - ADMINISTRATOR Zygmunt Sadowski\",\"isPartOf\":{\"@id\":\"https:\/\/sadowski.nysa.pl\/administrator\/#website\"},\"datePublished\":\"2017-08-22T04:44:24+00:00\",\"dateModified\":\"2025-10-15T11:34:13+00:00\",\"breadcrumb\":{\"@id\":\"https:\/\/sadowski.nysa.pl\/administrator\/wspolnota-mieszkaniowa-nasza-czworka-warszawska-4-2\/#breadcrumb\"},\"inLanguage\":\"pl-PL\"}]}<\/script>\n<!-- \/ Yoast SEO plugin. -->","yoast_head_json":{"title":"Wsp\u00f3lnota Mieszkaniowa NASZA CZW\u00d3RKA Warszawska 4 - ADMINISTRATOR Zygmunt Sadowski","robots":{"index":"index","follow":"follow","max-snippet":"max-snippet:-1","max-image-preview":"max-image-preview:large","max-video-preview":"max-video-preview:-1"},"canonical":"https:\/\/sadowski.nysa.pl\/administrator\/wspolnota-mieszkaniowa-nasza-czworka-warszawska-4-2\/","og_locale":"pl_PL","og_type":"article","og_title":"Wsp\u00f3lnota Mieszkaniowa NASZA CZW\u00d3RKA Warszawska 4 - ADMINISTRATOR Zygmunt Sadowski","og_description":"Brak zajawki, poniewa\u017c wpis jest zabezpieczony has\u0142em.","og_url":"https:\/\/sadowski.nysa.pl\/administrator\/wspolnota-mieszkaniowa-nasza-czworka-warszawska-4-2\/","og_site_name":"ADMINISTRATOR Zygmunt Sadowski","article_modified_time":"2025-10-15T11:34:13+00:00","twitter_card":"summary_large_image","twitter_misc":{"Est. reading time":"1 minuta"},"schema":{"@context":"https:\/\/schema.org","@graph":[{"@type":"WebSite","@id":"https:\/\/sadowski.nysa.pl\/administrator\/#website","url":"https:\/\/sadowski.nysa.pl\/administrator\/","name":"ADMINISTRATOR Zygmunt Sadowski","description":"","potentialAction":[{"@type":"SearchAction","target":{"@type":"EntryPoint","urlTemplate":"https:\/\/sadowski.nysa.pl\/administrator\/?s={search_term_string}"},"query-input":"required name=search_term_string"}],"inLanguage":"pl-PL"},{"@type":"WebPage","@id":"https:\/\/sadowski.nysa.pl\/administrator\/wspolnota-mieszkaniowa-nasza-czworka-warszawska-4-2\/#webpage","url":"https:\/\/sadowski.nysa.pl\/administrator\/wspolnota-mieszkaniowa-nasza-czworka-warszawska-4-2\/","name":"Wsp\u00f3lnota Mieszkaniowa NASZA CZW\u00d3RKA Warszawska 4 - ADMINISTRATOR Zygmunt Sadowski","isPartOf":{"@id":"https:\/\/sadowski.nysa.pl\/administrator\/#website"},"datePublished":"2017-08-22T04:44:24+00:00","dateModified":"2025-10-15T11:34:13+00:00","breadcrumb":{"@id":"https:\/\/sadowski.nysa.pl\/administrator\/wspolnota-mieszkaniowa-nasza-czworka-warszawska-4-2\/#breadcrumb"},"inLanguage":"pl-PL"}]}},"_links":{"self":[{"href":"https:\/\/sadowski.nysa.pl\/administrator\/wp-json\/wp\/v2\/pages\/5914","targetHints":{"allow":["GET"]}}],"collection":[{"href":"https:\/\/sadowski.nysa.pl\/administrator\/wp-json\/wp\/v2\/pages"}],"about":[{"href":"https:\/\/sadowski.nysa.pl\/administrator\/wp-json\/wp\/v2\/types\/page"}],"author":[{"embeddable":true,"href":"https:\/\/sadowski.nysa.pl\/administrator\/wp-json\/wp\/v2\/users\/5"}],"replies":[{"embeddable":true,"href":"https:\/\/sadowski.nysa.pl\/administrator\/wp-json\/wp\/v2\/comments?post=5914"}],"version-history":[{"count":80,"href":"https:\/\/sadowski.nysa.pl\/administrator\/wp-json\/wp\/v2\/pages\/5914\/revisions"}],"predecessor-version":[{"id":11262,"href":"https:\/\/sadowski.nysa.pl\/administrator\/wp-json\/wp\/v2\/pages\/5914\/revisions\/11262"}],"wp:attachment":[{"href":"https:\/\/sadowski.nysa.pl\/administrator\/wp-json\/wp\/v2\/media?parent=5914"}],"curies":[{"name":"wp","href":"https:\/\/api.w.org\/{rel}","templated":true}]}}