{"id":8112,"date":"2021-10-03T17:18:23","date_gmt":"2021-10-03T15:18:23","guid":{"rendered":"https:\/\/sadowski.nysa.pl\/?page_id=8112"},"modified":"2025-10-28T20:28:56","modified_gmt":"2025-10-28T19:28:56","slug":"wspolnota-mieszkaniowa-za-rzeka","status":"publish","type":"page","link":"https:\/\/sadowski.nysa.pl\/administrator\/wspolnota-mieszkaniowa-za-rzeka\/","title":{"rendered":"Wsp\u00f3lnota Mieszkaniowa Zwierzyniec 2"},"content":{"rendered":"","protected":true},"excerpt":{"rendered":"","protected":true},"author":5,"featured_media":0,"parent":0,"menu_order":0,"comment_status":"closed","ping_status":"closed","template":"","meta":{"footnotes":""},"class_list":["post-8112","page","type-page","status-publish","post-password-required"],"yoast_head":"<!-- This site is optimized with the Yoast SEO plugin v17.1 - https:\/\/yoast.com\/wordpress\/plugins\/seo\/ -->\n<title>Wsp\u00f3lnota Mieszkaniowa Zwierzyniec 2 - ADMINISTRATOR Zygmunt Sadowski<\/title>\n<meta name=\"robots\" content=\"index, follow, max-snippet:-1, max-image-preview:large, max-video-preview:-1\" \/>\n<link rel=\"canonical\" href=\"https:\/\/sadowski.nysa.pl\/administrator\/wspolnota-mieszkaniowa-za-rzeka\/\" \/>\n<meta property=\"og:locale\" content=\"pl_PL\" \/>\n<meta property=\"og:type\" content=\"article\" \/>\n<meta property=\"og:title\" content=\"Wsp\u00f3lnota Mieszkaniowa Zwierzyniec 2 - ADMINISTRATOR Zygmunt Sadowski\" \/>\n<meta property=\"og:description\" content=\"Brak zajawki, poniewa\u017c wpis jest zabezpieczony has\u0142em.\" \/>\n<meta property=\"og:url\" content=\"https:\/\/sadowski.nysa.pl\/administrator\/wspolnota-mieszkaniowa-za-rzeka\/\" \/>\n<meta property=\"og:site_name\" content=\"ADMINISTRATOR Zygmunt Sadowski\" \/>\n<meta property=\"article:modified_time\" content=\"2025-10-28T19:28:56+00:00\" \/>\n<meta name=\"twitter:card\" content=\"summary_large_image\" \/>\n<script type=\"application\/ld+json\" class=\"yoast-schema-graph\">{\"@context\":\"https:\/\/schema.org\",\"@graph\":[{\"@type\":\"WebSite\",\"@id\":\"https:\/\/sadowski.nysa.pl\/administrator\/#website\",\"url\":\"https:\/\/sadowski.nysa.pl\/administrator\/\",\"name\":\"ADMINISTRATOR Zygmunt Sadowski\",\"description\":\"\",\"potentialAction\":[{\"@type\":\"SearchAction\",\"target\":{\"@type\":\"EntryPoint\",\"urlTemplate\":\"https:\/\/sadowski.nysa.pl\/administrator\/?s={search_term_string}\"},\"query-input\":\"required name=search_term_string\"}],\"inLanguage\":\"pl-PL\"},{\"@type\":\"WebPage\",\"@id\":\"https:\/\/sadowski.nysa.pl\/administrator\/wspolnota-mieszkaniowa-za-rzeka\/#webpage\",\"url\":\"https:\/\/sadowski.nysa.pl\/administrator\/wspolnota-mieszkaniowa-za-rzeka\/\",\"name\":\"Wsp\\u00f3lnota Mieszkaniowa Zwierzyniec 2 - ADMINISTRATOR Zygmunt Sadowski\",\"isPartOf\":{\"@id\":\"https:\/\/sadowski.nysa.pl\/administrator\/#website\"},\"datePublished\":\"2021-10-03T15:18:23+00:00\",\"dateModified\":\"2025-10-28T19:28:56+00:00\",\"breadcrumb\":{\"@id\":\"https:\/\/sadowski.nysa.pl\/administrator\/wspolnota-mieszkaniowa-za-rzeka\/#breadcrumb\"},\"inLanguage\":\"pl-PL\"}]}<\/script>\n<!-- \/ Yoast SEO plugin. -->","yoast_head_json":{"title":"Wsp\u00f3lnota Mieszkaniowa Zwierzyniec 2 - ADMINISTRATOR Zygmunt Sadowski","robots":{"index":"index","follow":"follow","max-snippet":"max-snippet:-1","max-image-preview":"max-image-preview:large","max-video-preview":"max-video-preview:-1"},"canonical":"https:\/\/sadowski.nysa.pl\/administrator\/wspolnota-mieszkaniowa-za-rzeka\/","og_locale":"pl_PL","og_type":"article","og_title":"Wsp\u00f3lnota Mieszkaniowa Zwierzyniec 2 - ADMINISTRATOR Zygmunt Sadowski","og_description":"Brak zajawki, poniewa\u017c wpis jest zabezpieczony has\u0142em.","og_url":"https:\/\/sadowski.nysa.pl\/administrator\/wspolnota-mieszkaniowa-za-rzeka\/","og_site_name":"ADMINISTRATOR Zygmunt Sadowski","article_modified_time":"2025-10-28T19:28:56+00:00","twitter_card":"summary_large_image","schema":{"@context":"https:\/\/schema.org","@graph":[{"@type":"WebSite","@id":"https:\/\/sadowski.nysa.pl\/administrator\/#website","url":"https:\/\/sadowski.nysa.pl\/administrator\/","name":"ADMINISTRATOR Zygmunt Sadowski","description":"","potentialAction":[{"@type":"SearchAction","target":{"@type":"EntryPoint","urlTemplate":"https:\/\/sadowski.nysa.pl\/administrator\/?s={search_term_string}"},"query-input":"required name=search_term_string"}],"inLanguage":"pl-PL"},{"@type":"WebPage","@id":"https:\/\/sadowski.nysa.pl\/administrator\/wspolnota-mieszkaniowa-za-rzeka\/#webpage","url":"https:\/\/sadowski.nysa.pl\/administrator\/wspolnota-mieszkaniowa-za-rzeka\/","name":"Wsp\u00f3lnota Mieszkaniowa Zwierzyniec 2 - ADMINISTRATOR Zygmunt Sadowski","isPartOf":{"@id":"https:\/\/sadowski.nysa.pl\/administrator\/#website"},"datePublished":"2021-10-03T15:18:23+00:00","dateModified":"2025-10-28T19:28:56+00:00","breadcrumb":{"@id":"https:\/\/sadowski.nysa.pl\/administrator\/wspolnota-mieszkaniowa-za-rzeka\/#breadcrumb"},"inLanguage":"pl-PL"}]}},"_links":{"self":[{"href":"https:\/\/sadowski.nysa.pl\/administrator\/wp-json\/wp\/v2\/pages\/8112","targetHints":{"allow":["GET"]}}],"collection":[{"href":"https:\/\/sadowski.nysa.pl\/administrator\/wp-json\/wp\/v2\/pages"}],"about":[{"href":"https:\/\/sadowski.nysa.pl\/administrator\/wp-json\/wp\/v2\/types\/page"}],"author":[{"embeddable":true,"href":"https:\/\/sadowski.nysa.pl\/administrator\/wp-json\/wp\/v2\/users\/5"}],"replies":[{"embeddable":true,"href":"https:\/\/sadowski.nysa.pl\/administrator\/wp-json\/wp\/v2\/comments?post=8112"}],"version-history":[{"count":50,"href":"https:\/\/sadowski.nysa.pl\/administrator\/wp-json\/wp\/v2\/pages\/8112\/revisions"}],"predecessor-version":[{"id":11336,"href":"https:\/\/sadowski.nysa.pl\/administrator\/wp-json\/wp\/v2\/pages\/8112\/revisions\/11336"}],"wp:attachment":[{"href":"https:\/\/sadowski.nysa.pl\/administrator\/wp-json\/wp\/v2\/media?parent=8112"}],"curies":[{"name":"wp","href":"https:\/\/api.w.org\/{rel}","templated":true}]}}